{"id":1092,"date":"2022-07-19T11:32:01","date_gmt":"2022-07-19T15:32:01","guid":{"rendered":"http:\/\/groupeplm.ca\/produits-de-coffrage\/"},"modified":"2023-08-28T15:44:55","modified_gmt":"2023-08-28T19:44:55","slug":"scaffold-and-formwork","status":"publish","type":"page","link":"https:\/\/groupeplm.ca\/en\/scaffold-and-formwork\/","title":{"rendered":"Scaffold and Formwork"},"content":{"rendered":"<p>[et_pb_section fb_built=&#8221;1&#8243; _builder_version=&#8221;4.17.6&#8243; _module_preset=&#8221;default&#8221; background_color=&#8221;#E5E5E5&#8243; custom_padding=&#8221;20px||5px||false|false&#8221; locked=&#8221;off&#8221; global_colors_info=&#8221;{}&#8221;][et_pb_row _builder_version=&#8221;4.17.6&#8243; _module_preset=&#8221;default&#8221; global_colors_info=&#8221;{}&#8221;][et_pb_column type=&#8221;4_4&#8243; _builder_version=&#8221;4.17.6&#8243; _module_preset=&#8221;default&#8221; global_colors_info=&#8221;{}&#8221;][et_pb_text _builder_version=&#8221;4.22.1&#8243; _module_preset=&#8221;default&#8221; header_font=&#8221;Bicyclette Black|||on|||||&#8221; global_colors_info=&#8221;{}&#8221;]<\/p>\n<h1 style=\"text-align: center;\">Scaffold &amp; Formwork rental<\/h1>\n<p>[\/et_pb_text][\/et_pb_column][\/et_pb_row][\/et_pb_section][et_pb_section fb_built=&#8221;1&#8243; _builder_version=&#8221;4.17.6&#8243; _module_preset=&#8221;default&#8221; background_color=&#8221;#FFFFFF&#8221; custom_padding=&#8221;0px||0px||false|false&#8221; locked=&#8221;off&#8221; global_colors_info=&#8221;{}&#8221;][et_pb_row column_structure=&#8221;1_2,1_2&#8243; module_id=&#8221;barrure-pour-tirant-simple&#8221; _builder_version=&#8221;4.20.0&#8243; _module_preset=&#8221;default&#8221; border_width_bottom=&#8221;1px&#8221; border_color_bottom=&#8221;rgba(0,0,0,0.3)&#8221; border_style_bottom=&#8221;dashed&#8221; global_colors_info=&#8221;{}&#8221;][et_pb_column type=&#8221;1_2&#8243; _builder_version=&#8221;4.20.0&#8243; _module_preset=&#8221;default&#8221; global_colors_info=&#8221;{}&#8221;][et_pb_text module_class=&#8221;plm-blue&#8221; _builder_version=&#8221;4.20.0&#8243; _module_preset=&#8221;default&#8221; global_colors_info=&#8221;{}&#8221;]<\/p>\n<h1><strong>Shoring<\/strong><\/h1>\n<ul>\n<li><b>SHORING FRAME<\/b><\/li>\n<li><b>RESHORING POST PERI STYLE<\/b><\/li>\n<li><b>ALUMA BEAM<\/b><\/li>\n<li><b>MRK<\/b><\/li>\n<li><b>RESHORING POST<\/b><\/li>\n<\/ul>\n<p>[\/et_pb_text][et_pb_button button_url=&#8221;\/wp-content\/uploads\/2023\/08\/Formulaire-Catalogue-coffrage-2023-2.pdf#page=2&#8243; url_new_window=&#8221;on&#8221; button_text=&#8221;Open catalog page&#8221; button_alignment=&#8221;left&#8221; button_alignment_tablet=&#8221;&#8221; button_alignment_phone=&#8221;center&#8221; button_alignment_last_edited=&#8221;on|phone&#8221; _builder_version=&#8221;4.22.1&#8243; _module_preset=&#8221;default&#8221; custom_button=&#8221;on&#8221; button_text_size=&#8221;18px&#8221; button_text_color=&#8221;#FFFFFF&#8221; button_bg_color=&#8221;#002060&#8243; button_border_width=&#8221;0px&#8221; button_border_radius=&#8221;7px&#8221; button_font=&#8221;|600|||||||&#8221; button_text_size_tablet=&#8221;&#8221; button_text_size_phone=&#8221;18px&#8221; button_text_size_last_edited=&#8221;on|phone&#8221; locked=&#8221;off&#8221; global_colors_info=&#8221;{}&#8221;][\/et_pb_button][\/et_pb_column][et_pb_column type=&#8221;1_2&#8243; _builder_version=&#8221;4.20.0&#8243; _module_preset=&#8221;default&#8221; global_colors_info=&#8221;{}&#8221;][et_pb_image src=&#8221;http:\/\/groupeplm.ca\/wp-content\/uploads\/2023\/03\/PLM-etaiement.jpg&#8221; title_text=&#8221;PLM-etaiement&#8221; _builder_version=&#8221;4.20.0&#8243; _module_preset=&#8221;default&#8221; global_colors_info=&#8221;{}&#8221;][\/et_pb_image][\/et_pb_column][\/et_pb_row][et_pb_row column_structure=&#8221;1_2,1_2&#8243; module_id=&#8221;barrure-pour-tirant-simple&#8221; _builder_version=&#8221;4.20.0&#8243; _module_preset=&#8221;default&#8221; border_width_bottom=&#8221;1px&#8221; border_color_bottom=&#8221;rgba(0,0,0,0.3)&#8221; border_style_bottom=&#8221;dashed&#8221; global_colors_info=&#8221;{}&#8221;][et_pb_column type=&#8221;1_2&#8243; _builder_version=&#8221;4.20.0&#8243; _module_preset=&#8221;default&#8221; global_colors_info=&#8221;{}&#8221;][et_pb_text module_class=&#8221;plm-blue&#8221; _builder_version=&#8221;4.20.0&#8243; _module_preset=&#8221;default&#8221; global_colors_info=&#8221;{}&#8221;]<\/p>\n<h1><strong>Scaffold ring system<\/strong><\/h1>\n<ul>\n<li><b>POST<\/b><\/li>\n<li><b>LEDGER<\/b><\/li>\n<li><b>DIAGONAL BRACE<\/b><\/li>\n<li><b>DOUBLE LEDGER<\/b><\/li>\n<li><b>ALUMINIUM TUBE \u2205 2\u2019\u2019<\/b><\/li>\n<li><b>SWIVEL CLAMP<\/b><\/li>\n<\/ul>\n<p>[\/et_pb_text][et_pb_button button_url=&#8221;\/wp-content\/uploads\/2023\/08\/Formulaire-Catalogue-coffrage-2023-2.pdf#page=5&#8243; url_new_window=&#8221;on&#8221; button_text=&#8221;Open catalog page&#8221; button_alignment=&#8221;left&#8221; button_alignment_tablet=&#8221;&#8221; button_alignment_phone=&#8221;center&#8221; button_alignment_last_edited=&#8221;on|phone&#8221; _builder_version=&#8221;4.22.1&#8243; _module_preset=&#8221;default&#8221; custom_button=&#8221;on&#8221; button_text_size=&#8221;18px&#8221; button_text_color=&#8221;#FFFFFF&#8221; button_bg_color=&#8221;#002060&#8243; button_border_width=&#8221;0px&#8221; button_border_radius=&#8221;7px&#8221; button_font=&#8221;|600|||||||&#8221; button_text_size_tablet=&#8221;&#8221; button_text_size_phone=&#8221;18px&#8221; button_text_size_last_edited=&#8221;on|phone&#8221; locked=&#8221;off&#8221; global_colors_info=&#8221;{}&#8221;][\/et_pb_button][\/et_pb_column][et_pb_column type=&#8221;1_2&#8243; _builder_version=&#8221;4.20.0&#8243; _module_preset=&#8221;default&#8221; global_colors_info=&#8221;{}&#8221;][et_pb_image src=&#8221;http:\/\/groupeplm.ca\/wp-content\/uploads\/2023\/03\/PLM-echafaudage-a-rosette.jpg&#8221; title_text=&#8221;PLM-echafaudage-a-rosette&#8221; _builder_version=&#8221;4.20.0&#8243; _module_preset=&#8221;default&#8221; global_colors_info=&#8221;{}&#8221;][\/et_pb_image][\/et_pb_column][\/et_pb_row][et_pb_row column_structure=&#8221;1_2,1_2&#8243; module_id=&#8221;barrure-pour-tirant-simple&#8221; _builder_version=&#8221;4.20.0&#8243; _module_preset=&#8221;default&#8221; border_width_bottom=&#8221;1px&#8221; border_color_bottom=&#8221;rgba(0,0,0,0.3)&#8221; border_style_bottom=&#8221;dashed&#8221; global_colors_info=&#8221;{}&#8221;][et_pb_column type=&#8221;1_2&#8243; _builder_version=&#8221;4.20.0&#8243; _module_preset=&#8221;default&#8221; global_colors_info=&#8221;{}&#8221;][et_pb_text module_class=&#8221;plm-blue&#8221; _builder_version=&#8221;4.20.0&#8243; _module_preset=&#8221;default&#8221; global_colors_info=&#8221;{}&#8221;]<\/p>\n<h1><strong>Formwork<\/strong><\/h1>\n<ul>\n<li><b>BEAM EFCO STYLE<\/b><\/li>\n<li><b>PUSH \u2013 PULL<\/b><\/li>\n<li><b>SIDE BRACKET<\/b><\/li>\n<li><b>SLAB GRAB<\/b><\/li>\n<li><b>COIL ROD<\/b><\/li>\n<li><b>PLATE<\/b><\/li>\n<li><b>TYSCREW<\/b><\/li>\n<\/ul>\n<p>[\/et_pb_text][et_pb_button button_url=&#8221;\/wp-content\/uploads\/2023\/08\/Formulaire-Catalogue-coffrage-2023-2.pdf#page=3&#8243; url_new_window=&#8221;on&#8221; button_text=&#8221;Open catalog page&#8221; button_alignment=&#8221;left&#8221; button_alignment_tablet=&#8221;&#8221; button_alignment_phone=&#8221;center&#8221; button_alignment_last_edited=&#8221;on|phone&#8221; _builder_version=&#8221;4.22.1&#8243; _module_preset=&#8221;default&#8221; custom_button=&#8221;on&#8221; button_text_size=&#8221;18px&#8221; button_text_color=&#8221;#FFFFFF&#8221; button_bg_color=&#8221;#002060&#8243; button_border_width=&#8221;0px&#8221; button_border_radius=&#8221;7px&#8221; button_font=&#8221;|600|||||||&#8221; button_text_size_tablet=&#8221;&#8221; button_text_size_phone=&#8221;18px&#8221; button_text_size_last_edited=&#8221;on|phone&#8221; locked=&#8221;off&#8221; global_colors_info=&#8221;{}&#8221;][\/et_pb_button][\/et_pb_column][et_pb_column type=&#8221;1_2&#8243; _builder_version=&#8221;4.20.0&#8243; _module_preset=&#8221;default&#8221; global_colors_info=&#8221;{}&#8221;][et_pb_image src=&#8221;http:\/\/groupeplm.ca\/wp-content\/uploads\/2023\/03\/PLM-coffrage.jpg&#8221; title_text=&#8221;PLM-coffrage&#8221; _builder_version=&#8221;4.20.0&#8243; _module_preset=&#8221;default&#8221; global_colors_info=&#8221;{}&#8221;][\/et_pb_image][\/et_pb_column][\/et_pb_row][et_pb_row column_structure=&#8221;1_2,1_2&#8243; module_id=&#8221;barrure-pour-tirant-simple&#8221; _builder_version=&#8221;4.20.0&#8243; _module_preset=&#8221;default&#8221; border_width_bottom=&#8221;1px&#8221; border_color_bottom=&#8221;rgba(0,0,0,0.3)&#8221; border_style_bottom=&#8221;dashed&#8221; global_colors_info=&#8221;{}&#8221;][et_pb_column type=&#8221;1_2&#8243; _builder_version=&#8221;4.20.0&#8243; _module_preset=&#8221;default&#8221; global_colors_info=&#8221;{}&#8221;][et_pb_text module_class=&#8221;plm-blue&#8221; _builder_version=&#8221;4.20.0&#8243; _module_preset=&#8221;default&#8221; global_colors_info=&#8221;{}&#8221;]<\/p>\n<h1><strong>Scaffold stairs and tower light<\/strong><\/h1>\n<ul>\n<li><b>SCAFFOLDING<\/b><\/li>\n<li><b>SCAFFOLD STAIRS WITH HANDRAIL<\/b><\/li>\n<li><b>SOLAR TOWER LIGHT<\/b><\/li>\n<\/ul>\n<p>[\/et_pb_text][et_pb_button button_url=&#8221;\/wp-content\/uploads\/2023\/08\/Formulaire-Catalogue-coffrage-2023-2.pdf#page=6&#8243; url_new_window=&#8221;on&#8221; button_text=&#8221;Open catalog page&#8221; button_alignment=&#8221;left&#8221; button_alignment_tablet=&#8221;&#8221; button_alignment_phone=&#8221;center&#8221; button_alignment_last_edited=&#8221;on|phone&#8221; _builder_version=&#8221;4.22.1&#8243; _module_preset=&#8221;default&#8221; custom_button=&#8221;on&#8221; button_text_size=&#8221;18px&#8221; button_text_color=&#8221;#FFFFFF&#8221; button_bg_color=&#8221;#002060&#8243; button_border_width=&#8221;0px&#8221; button_border_radius=&#8221;7px&#8221; button_font=&#8221;|600|||||||&#8221; button_text_size_tablet=&#8221;&#8221; button_text_size_phone=&#8221;18px&#8221; button_text_size_last_edited=&#8221;on|phone&#8221; locked=&#8221;off&#8221; global_colors_info=&#8221;{}&#8221;][\/et_pb_button][\/et_pb_column][et_pb_column type=&#8221;1_2&#8243; _builder_version=&#8221;4.20.0&#8243; _module_preset=&#8221;default&#8221; global_colors_info=&#8221;{}&#8221;][et_pb_image src=&#8221;http:\/\/groupeplm.ca\/wp-content\/uploads\/2023\/03\/PLM-tour-escalier-et-eclairage.jpg&#8221; title_text=&#8221;PLM-tour-escalier-et-eclairage&#8221; _builder_version=&#8221;4.20.0&#8243; _module_preset=&#8221;default&#8221; global_colors_info=&#8221;{}&#8221;][\/et_pb_image][\/et_pb_column][\/et_pb_row][et_pb_row column_structure=&#8221;1_2,1_2&#8243; module_id=&#8221;barrure-pour-tirant-simple&#8221; _builder_version=&#8221;4.20.0&#8243; _module_preset=&#8221;default&#8221; border_width_bottom=&#8221;1px&#8221; border_color_bottom=&#8221;rgba(0,0,0,0.3)&#8221; border_style_bottom=&#8221;dashed&#8221; global_colors_info=&#8221;{}&#8221;][et_pb_column type=&#8221;1_2&#8243; _builder_version=&#8221;4.20.0&#8243; _module_preset=&#8221;default&#8221; global_colors_info=&#8221;{}&#8221;][et_pb_text module_class=&#8221;plm-blue&#8221; _builder_version=&#8221;4.20.0&#8243; _module_preset=&#8221;default&#8221; global_colors_info=&#8221;{}&#8221;]<\/p>\n<h1><strong>Strapping accessories<\/strong><\/h1>\n<ul>\n<li><b>STRAPPING CART<\/b><\/li>\n<li><b>STRAPPING TENSIONER<\/b><\/li>\n<li><b>STRAPPING SEALER<\/b><\/li>\n<li><b>STRAPPING<\/b><\/li>\n<\/ul>\n<p>[\/et_pb_text][et_pb_button button_url=&#8221;\/wp-content\/uploads\/2023\/08\/Formulaire-Catalogue-coffrage-2023-2.pdf#page=7&#8243; url_new_window=&#8221;on&#8221; button_text=&#8221;Open catalog page&#8221; button_alignment=&#8221;left&#8221; button_alignment_tablet=&#8221;&#8221; button_alignment_phone=&#8221;center&#8221; button_alignment_last_edited=&#8221;on|phone&#8221; _builder_version=&#8221;4.22.1&#8243; _module_preset=&#8221;default&#8221; custom_button=&#8221;on&#8221; button_text_size=&#8221;18px&#8221; button_text_color=&#8221;#FFFFFF&#8221; button_bg_color=&#8221;#002060&#8243; button_border_width=&#8221;0px&#8221; button_border_radius=&#8221;7px&#8221; button_font=&#8221;|600|||||||&#8221; button_text_size_tablet=&#8221;&#8221; button_text_size_phone=&#8221;18px&#8221; button_text_size_last_edited=&#8221;on|phone&#8221; locked=&#8221;off&#8221; global_colors_info=&#8221;{}&#8221;][\/et_pb_button][\/et_pb_column][et_pb_column type=&#8221;1_2&#8243; _builder_version=&#8221;4.20.0&#8243; _module_preset=&#8221;default&#8221; global_colors_info=&#8221;{}&#8221;][et_pb_image src=&#8221;http:\/\/groupeplm.ca\/wp-content\/uploads\/2023\/03\/PLM-accessoires-pour-feuillard.jpg&#8221; title_text=&#8221;PLM-accessoires-pour-feuillard&#8221; _builder_version=&#8221;4.20.0&#8243; _module_preset=&#8221;default&#8221; global_colors_info=&#8221;{}&#8221;][\/et_pb_image][\/et_pb_column][\/et_pb_row][\/et_pb_section][et_pb_section fb_built=&#8221;1&#8243; _builder_version=&#8221;4.20.0&#8243; _module_preset=&#8221;default&#8221; background_color=&#8221;#E5E5E5&#8243; custom_padding=&#8221;||110px||false|false&#8221; bottom_divider_style=&#8221;arrow3&#8243; bottom_divider_color=&#8221;#7E888E&#8221; bottom_divider_height=&#8221;110px&#8221; bottom_divider_repeat=&#8221;0x&#8221; bottom_divider_flip=&#8221;horizontal&#8221; locked=&#8221;off&#8221; global_colors_info=&#8221;{}&#8221;][et_pb_row _builder_version=&#8221;4.20.0&#8243; _module_preset=&#8221;default&#8221; global_colors_info=&#8221;{}&#8221;][et_pb_column type=&#8221;4_4&#8243; _builder_version=&#8221;4.20.0&#8243; _module_preset=&#8221;default&#8221; global_colors_info=&#8221;{}&#8221;][et_pb_button button_url=&#8221;\/en\/about-contact\/#contact-us&#8221; button_text=&#8221;have questions ?  Contact-us&#8221; button_alignment=&#8221;center&#8221; _builder_version=&#8221;4.20.0&#8243; _module_preset=&#8221;default&#8221; custom_button=&#8221;on&#8221; button_text_size=&#8221;18px&#8221; button_text_color=&#8221;#FFFFFF&#8221; button_bg_color=&#8221;#EC1C2D&#8221; button_border_width=&#8221;0px&#8221; button_border_radius=&#8221;7px&#8221; button_font=&#8221;|||on|||||&#8221; custom_css_main_element=&#8221;width: 70%;&#8221; locked=&#8221;off&#8221; global_colors_info=&#8221;{}&#8221;][\/et_pb_button][\/et_pb_column][\/et_pb_row][\/et_pb_section][et_pb_section fb_built=&#8221;1&#8243; _builder_version=&#8221;4.16&#8243; _module_preset=&#8221;default&#8221; background_color=&#8221;#7E888E&#8221; custom_padding=&#8221;0px||0px||false|false&#8221; global_module=&#8221;1201&#8243; global_colors_info=&#8221;{}&#8221;][et_pb_row column_structure=&#8221;1_2,1_2&#8243; _builder_version=&#8221;4.16&#8243; _module_preset=&#8221;default&#8221; global_colors_info=&#8221;{}&#8221;][et_pb_column type=&#8221;1_2&#8243; _builder_version=&#8221;4.16&#8243; _module_preset=&#8221;default&#8221; global_colors_info=&#8221;{}&#8221;][et_pb_text module_class=&#8221;plm-footer-menu&#8221; _builder_version=&#8221;4.22.1&#8243; _module_preset=&#8221;default&#8221; global_colors_info=&#8221;{}&#8221;]<\/p>\n<ul>\n<li><strong><a href=\"\/\">FRAN\u00c7AIS<\/a><\/strong><\/li>\n<\/ul>\n<p>&nbsp;<\/p>\n<ul>\n<li><a href=\"\/en\/engineering\">Engineering services<\/a><\/li>\n<li><a href=\"\/en\/lifting-products\">Lifting products sales<\/a><\/li>\n<li><a href=\"\/en\/scaffold-and-formwork\">Scaffold &amp; Formwork rental<\/a><\/li>\n<li><a href=\"\/en\/about-contact\">About \/ Contact<\/a><\/li>\n<\/ul>\n<p>[\/et_pb_text][\/et_pb_column][et_pb_column type=&#8221;1_2&#8243; _builder_version=&#8221;4.16&#8243; _module_preset=&#8221;default&#8221; global_colors_info=&#8221;{}&#8221;][et_pb_image src=&#8221;http:\/\/groupeplm.ca\/wp-content\/uploads\/2023\/03\/PLM-logo-blanc-en.png&#8221; title_text=&#8221;PLM-logo-blanc-en&#8221; url=&#8221;@ET-DC@eyJkeW5hbWljIjp0cnVlLCJjb250ZW50IjoiaG9tZV91cmwiLCJzZXR0aW5ncyI6e319@&#8221; _builder_version=&#8221;4.20.0&#8243; _dynamic_attributes=&#8221;url&#8221; _module_preset=&#8221;default&#8221; global_colors_info=&#8221;{}&#8221;][\/et_pb_image][et_pb_button button_url=&#8221;tel:5147552884&#8243; button_text=&#8221;514.755.2884&#8243; button_alignment=&#8221;left&#8221; _builder_version=&#8221;4.20.0&#8243; _module_preset=&#8221;default&#8221; custom_button=&#8221;on&#8221; button_text_size=&#8221;32px&#8221; button_text_color=&#8221;#FFFFFF&#8221; button_bg_color=&#8221;#EC1C2D&#8221; button_border_width=&#8221;0px&#8221; button_border_radius=&#8221;8px&#8221; button_letter_spacing=&#8221;0px&#8221; button_font=&#8221;Bicyclette Bold||||||||&#8221; custom_margin=&#8221;-12px||||false|false&#8221; custom_padding=&#8221;4px|19px|4px|19px|true|true&#8221; global_colors_info=&#8221;{}&#8221;][\/et_pb_button][\/et_pb_column][\/et_pb_row][\/et_pb_section]<\/p>\n","protected":false},"excerpt":{"rendered":"<p>Scaffold &amp; Formwork rentalShoring SHORING FRAME RESHORING POST PERI STYLE ALUMA BEAM MRK RESHORING POST Scaffold ring system POST LEDGER DIAGONAL BRACE DOUBLE LEDGER ALUMINIUM TUBE \u2205 2\u2019\u2019 SWIVEL CLAMP Formwork BEAM EFCO STYLE PUSH \u2013 PULL SIDE BRACKET SLAB GRAB COIL ROD PLATE TYSCREW Scaffold stairs and tower light SCAFFOLDING SCAFFOLD STAIRS WITH HANDRAIL [&hellip;]<\/p>\n","protected":false},"author":1,"featured_media":0,"parent":0,"menu_order":0,"comment_status":"closed","ping_status":"closed","template":"","meta":{"_et_pb_use_builder":"on","_et_pb_old_content":"","_et_gb_content_width":"","inline_featured_image":false,"footnotes":""},"class_list":["post-1092","page","type-page","status-publish","hentry"],"yoast_head":"<!-- This site is optimized with the Yoast SEO plugin v27.3 - https:\/\/yoast.com\/product\/yoast-seo-wordpress\/ -->\n<title>Scaffold and Formwork - PLM - Engineering and lifting<\/title>\n<meta name=\"robots\" content=\"index, follow, max-snippet:-1, max-image-preview:large, max-video-preview:-1\" \/>\n<link rel=\"canonical\" href=\"https:\/\/groupeplm.ca\/en\/scaffold-and-formwork\/\" \/>\n<meta property=\"og:locale\" content=\"en_US\" \/>\n<meta property=\"og:type\" content=\"article\" \/>\n<meta property=\"og:title\" content=\"Scaffold and Formwork - PLM - Engineering and lifting\" \/>\n<meta property=\"og:description\" content=\"Scaffold &amp; Formwork rentalShoring SHORING FRAME RESHORING POST PERI STYLE ALUMA BEAM MRK RESHORING POST Scaffold ring system POST LEDGER DIAGONAL BRACE DOUBLE LEDGER ALUMINIUM TUBE \u2205 2\u2019\u2019 SWIVEL CLAMP Formwork BEAM EFCO STYLE PUSH \u2013 PULL SIDE BRACKET SLAB GRAB COIL ROD PLATE TYSCREW Scaffold stairs and tower light SCAFFOLDING SCAFFOLD STAIRS WITH HANDRAIL [&hellip;]\" \/>\n<meta property=\"og:url\" content=\"https:\/\/groupeplm.ca\/en\/scaffold-and-formwork\/\" \/>\n<meta property=\"og:site_name\" content=\"PLM - Engineering and lifting\" \/>\n<meta property=\"article:modified_time\" content=\"2023-08-28T19:44:55+00:00\" \/>\n<meta name=\"twitter:card\" content=\"summary_large_image\" \/>\n<meta name=\"twitter:label1\" content=\"Est. reading time\" \/>\n\t<meta name=\"twitter:data1\" content=\"3 minutes\" \/>\n<script type=\"application\/ld+json\" class=\"yoast-schema-graph\">{\"@context\":\"https:\\\/\\\/schema.org\",\"@graph\":[{\"@type\":\"WebPage\",\"@id\":\"https:\\\/\\\/groupeplm.ca\\\/en\\\/scaffold-and-formwork\\\/\",\"url\":\"https:\\\/\\\/groupeplm.ca\\\/en\\\/scaffold-and-formwork\\\/\",\"name\":\"Scaffold and Formwork - PLM - Engineering and lifting\",\"isPartOf\":{\"@id\":\"https:\\\/\\\/groupeplm.ca\\\/en\\\/#website\"},\"datePublished\":\"2022-07-19T15:32:01+00:00\",\"dateModified\":\"2023-08-28T19:44:55+00:00\",\"breadcrumb\":{\"@id\":\"https:\\\/\\\/groupeplm.ca\\\/en\\\/scaffold-and-formwork\\\/#breadcrumb\"},\"inLanguage\":\"en-CA\",\"potentialAction\":[{\"@type\":\"ReadAction\",\"target\":[\"https:\\\/\\\/groupeplm.ca\\\/en\\\/scaffold-and-formwork\\\/\"]}]},{\"@type\":\"BreadcrumbList\",\"@id\":\"https:\\\/\\\/groupeplm.ca\\\/en\\\/scaffold-and-formwork\\\/#breadcrumb\",\"itemListElement\":[{\"@type\":\"ListItem\",\"position\":1,\"name\":\"Accueil\",\"item\":\"https:\\\/\\\/groupeplm.ca\\\/en\\\/\"},{\"@type\":\"ListItem\",\"position\":2,\"name\":\"Scaffold and Formwork\"}]},{\"@type\":\"WebSite\",\"@id\":\"https:\\\/\\\/groupeplm.ca\\\/en\\\/#website\",\"url\":\"https:\\\/\\\/groupeplm.ca\\\/en\\\/\",\"name\":\"PLM - Engineering and lifting\",\"description\":\"La r\u00e9f\u00e9rence de confiance dans l&#039;ing\u00e9nierie du levage\",\"potentialAction\":[{\"@type\":\"SearchAction\",\"target\":{\"@type\":\"EntryPoint\",\"urlTemplate\":\"https:\\\/\\\/groupeplm.ca\\\/en\\\/?s={search_term_string}\"},\"query-input\":{\"@type\":\"PropertyValueSpecification\",\"valueRequired\":true,\"valueName\":\"search_term_string\"}}],\"inLanguage\":\"en-CA\"}]}<\/script>\n<!-- \/ Yoast SEO plugin. -->","yoast_head_json":{"title":"Scaffold and Formwork - PLM - Engineering and lifting","robots":{"index":"index","follow":"follow","max-snippet":"max-snippet:-1","max-image-preview":"max-image-preview:large","max-video-preview":"max-video-preview:-1"},"canonical":"https:\/\/groupeplm.ca\/en\/scaffold-and-formwork\/","og_locale":"en_US","og_type":"article","og_title":"Scaffold and Formwork - PLM - Engineering and lifting","og_description":"Scaffold &amp; Formwork rentalShoring SHORING FRAME RESHORING POST PERI STYLE ALUMA BEAM MRK RESHORING POST Scaffold ring system POST LEDGER DIAGONAL BRACE DOUBLE LEDGER ALUMINIUM TUBE \u2205 2\u2019\u2019 SWIVEL CLAMP Formwork BEAM EFCO STYLE PUSH \u2013 PULL SIDE BRACKET SLAB GRAB COIL ROD PLATE TYSCREW Scaffold stairs and tower light SCAFFOLDING SCAFFOLD STAIRS WITH HANDRAIL [&hellip;]","og_url":"https:\/\/groupeplm.ca\/en\/scaffold-and-formwork\/","og_site_name":"PLM - Engineering and lifting","article_modified_time":"2023-08-28T19:44:55+00:00","twitter_card":"summary_large_image","twitter_misc":{"Est. reading time":"3 minutes"},"schema":{"@context":"https:\/\/schema.org","@graph":[{"@type":"WebPage","@id":"https:\/\/groupeplm.ca\/en\/scaffold-and-formwork\/","url":"https:\/\/groupeplm.ca\/en\/scaffold-and-formwork\/","name":"Scaffold and Formwork - PLM - Engineering and lifting","isPartOf":{"@id":"https:\/\/groupeplm.ca\/en\/#website"},"datePublished":"2022-07-19T15:32:01+00:00","dateModified":"2023-08-28T19:44:55+00:00","breadcrumb":{"@id":"https:\/\/groupeplm.ca\/en\/scaffold-and-formwork\/#breadcrumb"},"inLanguage":"en-CA","potentialAction":[{"@type":"ReadAction","target":["https:\/\/groupeplm.ca\/en\/scaffold-and-formwork\/"]}]},{"@type":"BreadcrumbList","@id":"https:\/\/groupeplm.ca\/en\/scaffold-and-formwork\/#breadcrumb","itemListElement":[{"@type":"ListItem","position":1,"name":"Accueil","item":"https:\/\/groupeplm.ca\/en\/"},{"@type":"ListItem","position":2,"name":"Scaffold and Formwork"}]},{"@type":"WebSite","@id":"https:\/\/groupeplm.ca\/en\/#website","url":"https:\/\/groupeplm.ca\/en\/","name":"PLM - Engineering and lifting","description":"La r\u00e9f\u00e9rence de confiance dans l&#039;ing\u00e9nierie du levage","potentialAction":[{"@type":"SearchAction","target":{"@type":"EntryPoint","urlTemplate":"https:\/\/groupeplm.ca\/en\/?s={search_term_string}"},"query-input":{"@type":"PropertyValueSpecification","valueRequired":true,"valueName":"search_term_string"}}],"inLanguage":"en-CA"}]}},"_links":{"self":[{"href":"https:\/\/groupeplm.ca\/en\/wp-json\/wp\/v2\/pages\/1092","targetHints":{"allow":["GET"]}}],"collection":[{"href":"https:\/\/groupeplm.ca\/en\/wp-json\/wp\/v2\/pages"}],"about":[{"href":"https:\/\/groupeplm.ca\/en\/wp-json\/wp\/v2\/types\/page"}],"author":[{"embeddable":true,"href":"https:\/\/groupeplm.ca\/en\/wp-json\/wp\/v2\/users\/1"}],"replies":[{"embeddable":true,"href":"https:\/\/groupeplm.ca\/en\/wp-json\/wp\/v2\/comments?post=1092"}],"version-history":[{"count":30,"href":"https:\/\/groupeplm.ca\/en\/wp-json\/wp\/v2\/pages\/1092\/revisions"}],"predecessor-version":[{"id":1633,"href":"https:\/\/groupeplm.ca\/en\/wp-json\/wp\/v2\/pages\/1092\/revisions\/1633"}],"wp:attachment":[{"href":"https:\/\/groupeplm.ca\/en\/wp-json\/wp\/v2\/media?parent=1092"}],"curies":[{"name":"wp","href":"https:\/\/api.w.org\/{rel}","templated":true}]}}