{"id":1534,"date":"2023-03-02T11:49:42","date_gmt":"2023-03-02T16:49:42","guid":{"rendered":"http:\/\/groupeplm.ca\/?page_id=1534"},"modified":"2025-07-04T05:15:38","modified_gmt":"2025-07-04T09:15:38","slug":"about-contact","status":"publish","type":"page","link":"https:\/\/groupeplm.ca\/en\/about-contact\/","title":{"rendered":"About \/ Contact"},"content":{"rendered":"<p>[et_pb_section fb_built=&#8221;1&#8243; _builder_version=&#8221;4.20.0&#8243; _module_preset=&#8221;default&#8221; background_color=&#8221;#e5e5e5&#8243; bottom_divider_color=&#8221;#EC1C2D&#8221; global_colors_info=&#8221;{}&#8221;][et_pb_row _builder_version=&#8221;4.16&#8243; _module_preset=&#8221;default&#8221; locked=&#8221;off&#8221; global_colors_info=&#8221;{}&#8221;][et_pb_column type=&#8221;4_4&#8243; _builder_version=&#8221;4.16&#8243; _module_preset=&#8221;default&#8221; global_colors_info=&#8221;{}&#8221;][et_pb_text _builder_version=&#8221;4.16&#8243; _module_preset=&#8221;default&#8221; global_colors_info=&#8221;{}&#8221;]<\/p>\n<h1><strong>About<\/strong> us<\/h1>\n<p>[\/et_pb_text][\/et_pb_column][\/et_pb_row][et_pb_row column_structure=&#8221;3_5,2_5&#8243; _builder_version=&#8221;4.16&#8243; _module_preset=&#8221;default&#8221; global_colors_info=&#8221;{}&#8221;][et_pb_column type=&#8221;3_5&#8243; _builder_version=&#8221;4.16&#8243; _module_preset=&#8221;default&#8221; global_colors_info=&#8221;{}&#8221;][et_pb_text _builder_version=&#8221;4.16&#8243; _module_preset=&#8221;default&#8221; text_font_size=&#8221;18px&#8221; text_line_height=&#8221;1.8em&#8221; locked=&#8221;off&#8221; global_colors_info=&#8221;{}&#8221;]<\/p>\n<p>At <strong>PLM<\/strong> our Team is dynamic and passionate about structural engineering and civil engineering.\u00a0<\/p>\n<p>Our primary goal is to <strong>provide a prompt and quality service<\/strong>.\u00a0<\/p>\n<p>We want to build <strong>trusting relationships<\/strong> with contractors in the lifting and construction industry.\u00a0<\/p>\n<p>Our team of structural engineers has the <strong>experience<\/strong> for all your construction engineering projects.<\/p>\n<p>[\/et_pb_text][et_pb_text _builder_version=&#8221;4.20.0&#8243; _module_preset=&#8221;default&#8221; text_font=&#8221;Bicyclette Black||||||||&#8221; custom_padding=&#8221;0px||0px||false|false&#8221; locked=&#8221;off&#8221; global_colors_info=&#8221;{}&#8221;][\/et_pb_text][\/et_pb_column][et_pb_column type=&#8221;2_5&#8243; _builder_version=&#8221;4.16&#8243; _module_preset=&#8221;default&#8221; global_colors_info=&#8221;{}&#8221;][et_pb_image src=&#8221;https:\/\/groupeplm.ca\/wp-content\/uploads\/2021\/02\/a-propos-lr.jpg&#8221; title_text=&#8221;a-propos-lr&#8221; _builder_version=&#8221;4.16&#8243; _module_preset=&#8221;default&#8221; border_radii=&#8221;on|50%|50%|50%|50%&#8221; global_colors_info=&#8221;{}&#8221;][\/et_pb_image][\/et_pb_column][\/et_pb_row][\/et_pb_section][et_pb_section fb_built=&#8221;1&#8243; custom_padding_last_edited=&#8221;off|desktop&#8221; module_id=&#8221;contact-us&#8221; _builder_version=&#8221;4.20.0&#8243; _module_preset=&#8221;default&#8221; custom_padding=&#8221;||110px||false|false&#8221; custom_padding_phone=&#8221;70px||||false|false&#8221; top_divider_color=&#8221;#EC1C2D&#8221; top_divider_height=&#8221;110px&#8221; bottom_divider_style=&#8221;arrow3&#8243; bottom_divider_color=&#8221;#7E888E&#8221; bottom_divider_height=&#8221;110px&#8221; bottom_divider_repeat=&#8221;0x&#8221; bottom_divider_flip=&#8221;horizontal&#8221; global_module=&#8221;1200&#8243; global_colors_info=&#8221;{}&#8221;][et_pb_row column_structure=&#8221;1_2,1_2&#8243; _builder_version=&#8221;4.16&#8243; _module_preset=&#8221;default&#8221; global_colors_info=&#8221;{}&#8221;][et_pb_column type=&#8221;1_2&#8243; _builder_version=&#8221;4.16&#8243; _module_preset=&#8221;default&#8221; global_colors_info=&#8221;{}&#8221;][et_pb_text _builder_version=&#8221;4.16&#8243; _module_preset=&#8221;default&#8221; global_colors_info=&#8221;{}&#8221;]<\/p>\n<h1><strong>Contact\u00a0<\/strong>us<\/h1>\n<p>[\/et_pb_text][\/et_pb_column][et_pb_column type=&#8221;1_2&#8243; _builder_version=&#8221;4.16&#8243; _module_preset=&#8221;default&#8221; global_colors_info=&#8221;{}&#8221;][et_pb_button button_url=&#8221;mailto:info@groupeplm.ca&#8221; button_text=&#8221;info@groupeplm.ca&#8221; button_alignment=&#8221;right&#8221; button_alignment_tablet=&#8221;&#8221; button_alignment_phone=&#8221;center&#8221; button_alignment_last_edited=&#8221;on|phone&#8221; _builder_version=&#8221;4.27.4&#8243; _module_preset=&#8221;default&#8221; custom_button=&#8221;on&#8221; button_text_color=&#8221;#FFFFFF&#8221; button_bg_color=&#8221;#EC1C2D&#8221; button_border_width=&#8221;0px&#8221; button_border_radius=&#8221;7px&#8221; button_font=&#8221;|600|||||||&#8221; hover_enabled=&#8221;0&#8243; button_text_size_tablet=&#8221;&#8221; button_text_size_phone=&#8221;18px&#8221; button_text_size_last_edited=&#8221;on|phone&#8221; global_colors_info=&#8221;{}&#8221; sticky_enabled=&#8221;0&#8243;][\/et_pb_button][\/et_pb_column][\/et_pb_row][et_pb_row _builder_version=&#8221;4.16&#8243; _module_preset=&#8221;default&#8221; custom_padding=&#8221;0px||0px||false|false&#8221; global_colors_info=&#8221;{}&#8221;][et_pb_column type=&#8221;4_4&#8243; _builder_version=&#8221;4.16&#8243; _module_preset=&#8221;default&#8221; global_colors_info=&#8221;{}&#8221;][et_pb_code _builder_version=&#8221;4.16&#8243; _module_preset=&#8221;default&#8221; custom_margin=&#8221;||-20px|||&#8221; custom_padding=&#8221;2px|||||&#8221; global_colors_info=&#8221;{}&#8221;][\/et_pb_code][dvppl_cf7_styler cf7=&#8221;404&#8243; _builder_version=&#8221;4.16&#8243; _module_preset=&#8221;default&#8221; custom_submit_button=&#8221;on&#8221; submit_button_text_size=&#8221;22px&#8221; submit_button_text_color=&#8221;#FFFFFF&#8221; submit_button_bg_color=&#8221;#EC1C2D&#8221; submit_button_border_width=&#8221;0px&#8221; submit_button_border_radius=&#8221;7px&#8221; submit_button_font=&#8221;|600||on|||||&#8221; submit_button_custom_padding=&#8221;12px|28px|12px|28px|true|true&#8221; custom_margin=&#8221;11px|||||&#8221; border_radii_field=&#8221;on|7px|7px|7px|7px&#8221; global_colors_info=&#8221;{}&#8221;][\/dvppl_cf7_styler][\/et_pb_column][\/et_pb_row][\/et_pb_section][et_pb_section fb_built=&#8221;1&#8243; _builder_version=&#8221;4.16&#8243; _module_preset=&#8221;default&#8221; background_color=&#8221;#7E888E&#8221; custom_padding=&#8221;0px||0px||false|false&#8221; global_module=&#8221;1201&#8243; global_colors_info=&#8221;{}&#8221;][et_pb_row column_structure=&#8221;1_2,1_2&#8243; _builder_version=&#8221;4.16&#8243; _module_preset=&#8221;default&#8221; global_colors_info=&#8221;{}&#8221;][et_pb_column type=&#8221;1_2&#8243; _builder_version=&#8221;4.16&#8243; _module_preset=&#8221;default&#8221; global_colors_info=&#8221;{}&#8221;][et_pb_text module_class=&#8221;plm-footer-menu&#8221; _builder_version=&#8221;4.22.1&#8243; _module_preset=&#8221;default&#8221; global_colors_info=&#8221;{}&#8221;]<\/p>\n<ul>\n<li><strong><a href=\"\/\">FRAN\u00c7AIS<\/a><\/strong><\/li>\n<\/ul>\n<p>&nbsp;<\/p>\n<ul>\n<li><a href=\"\/en\/engineering\">Engineering services<\/a><\/li>\n<li><a href=\"\/en\/lifting-products\">Lifting products sales<\/a><\/li>\n<li><a href=\"\/en\/scaffold-and-formwork\">Scaffold &amp; Formwork rental<\/a><\/li>\n<li><a href=\"\/en\/about-contact\">About \/ Contact<\/a><\/li>\n<\/ul>\n<p>[\/et_pb_text][\/et_pb_column][et_pb_column type=&#8221;1_2&#8243; _builder_version=&#8221;4.16&#8243; _module_preset=&#8221;default&#8221; global_colors_info=&#8221;{}&#8221;][et_pb_image src=&#8221;https:\/\/groupeplm.ca\/wp-content\/uploads\/2023\/03\/PLM-logo-blanc-en.png&#8221; title_text=&#8221;PLM-logo-blanc-en&#8221; url=&#8221;@ET-DC@eyJkeW5hbWljIjp0cnVlLCJjb250ZW50IjoiaG9tZV91cmwiLCJzZXR0aW5ncyI6e319@&#8221; _builder_version=&#8221;4.20.0&#8243; _dynamic_attributes=&#8221;url&#8221; _module_preset=&#8221;default&#8221; global_colors_info=&#8221;{}&#8221;][\/et_pb_image][et_pb_button button_url=&#8221;tel:5147552884&#8243; button_text=&#8221;514.755.2884&#8243; button_alignment=&#8221;left&#8221; _builder_version=&#8221;4.20.0&#8243; _module_preset=&#8221;default&#8221; custom_button=&#8221;on&#8221; button_text_size=&#8221;32px&#8221; button_text_color=&#8221;#FFFFFF&#8221; button_bg_color=&#8221;#EC1C2D&#8221; button_border_width=&#8221;0px&#8221; button_border_radius=&#8221;8px&#8221; button_letter_spacing=&#8221;0px&#8221; button_font=&#8221;Bicyclette Bold||||||||&#8221; custom_margin=&#8221;-12px||||false|false&#8221; custom_padding=&#8221;4px|19px|4px|19px|true|true&#8221; global_colors_info=&#8221;{}&#8221;][\/et_pb_button][\/et_pb_column][\/et_pb_row][\/et_pb_section]<\/p>\n","protected":false},"excerpt":{"rendered":"<p>About usAt PLM our Team is dynamic and passionate about structural engineering and civil engineering.\u00a0 Our primary goal is to provide a prompt and quality service.\u00a0 We want to build trusting relationships with contractors in the lifting and construction industry.\u00a0 Our team of structural engineers has the experience for all your construction engineering projects.Contact\u00a0us<div class=\"et_pb_module dvppl_cf7_styler dvppl_cf7_styler_0\">\n\t\t\t\t\n\t\t\t\t\n\t\t\t\t\n\t\t\t\t\n\t\t\t\t\n\t\t\t\t\n\t\t\t\t<div class=\"et_pb_module_inner\">\n\t\t\t\t\t<div class=\"dipe-cf7-container dipe-cf7-button-left\">\n\t\t\t\t\n\t\t\t\t<div class=\"dipe-cf7 dipe-cf7-styler \">\n\t\t\t\t\t<p class=\"wpcf7-contact-form-not-found\"><strong>Error:<\/strong> Contact form not found.<\/p>\n\t\t\t\t<\/div>\n\t\t\t<\/div>\n\t\t\t\t<\/div>\n\t\t\t<\/div><\/p>\n","protected":false},"author":1,"featured_media":0,"parent":0,"menu_order":0,"comment_status":"closed","ping_status":"closed","template":"","meta":{"_et_pb_use_builder":"on","_et_pb_old_content":"","_et_gb_content_width":"","inline_featured_image":false,"footnotes":""},"class_list":["post-1534","page","type-page","status-publish","hentry"],"yoast_head":"<!-- This site is optimized with the Yoast SEO plugin v27.3 - https:\/\/yoast.com\/product\/yoast-seo-wordpress\/ -->\n<title>About \/ Contact - PLM - Engineering and lifting<\/title>\n<meta name=\"robots\" content=\"index, follow, max-snippet:-1, max-image-preview:large, max-video-preview:-1\" \/>\n<link rel=\"canonical\" href=\"https:\/\/groupeplm.ca\/en\/about-contact\/\" \/>\n<meta property=\"og:locale\" content=\"en_US\" \/>\n<meta property=\"og:type\" content=\"article\" \/>\n<meta property=\"og:title\" content=\"About \/ Contact - PLM - Engineering and lifting\" \/>\n<meta property=\"og:description\" content=\"About usAt PLM our Team is dynamic and passionate about structural engineering and civil engineering.\u00a0 Our primary goal is to provide a prompt and quality service.\u00a0 We want to build trusting relationships with contractors in the lifting and construction industry.\u00a0 Our team of structural engineers has the experience for all your construction engineering projects.Contact\u00a0us\" \/>\n<meta property=\"og:url\" content=\"https:\/\/groupeplm.ca\/en\/about-contact\/\" \/>\n<meta property=\"og:site_name\" content=\"PLM - Engineering and lifting\" \/>\n<meta property=\"article:modified_time\" content=\"2025-07-04T09:15:38+00:00\" \/>\n<meta name=\"twitter:card\" content=\"summary_large_image\" \/>\n<meta name=\"twitter:label1\" content=\"Est. reading time\" \/>\n\t<meta name=\"twitter:data1\" content=\"1 minute\" \/>\n<script type=\"application\/ld+json\" class=\"yoast-schema-graph\">{\"@context\":\"https:\\\/\\\/schema.org\",\"@graph\":[{\"@type\":\"WebPage\",\"@id\":\"https:\\\/\\\/groupeplm.ca\\\/en\\\/about-contact\\\/\",\"url\":\"https:\\\/\\\/groupeplm.ca\\\/en\\\/about-contact\\\/\",\"name\":\"About \\\/ Contact - PLM - Engineering and lifting\",\"isPartOf\":{\"@id\":\"https:\\\/\\\/groupeplm.ca\\\/en\\\/#website\"},\"datePublished\":\"2023-03-02T16:49:42+00:00\",\"dateModified\":\"2025-07-04T09:15:38+00:00\",\"breadcrumb\":{\"@id\":\"https:\\\/\\\/groupeplm.ca\\\/en\\\/about-contact\\\/#breadcrumb\"},\"inLanguage\":\"en-CA\",\"potentialAction\":[{\"@type\":\"ReadAction\",\"target\":[\"https:\\\/\\\/groupeplm.ca\\\/en\\\/about-contact\\\/\"]}]},{\"@type\":\"BreadcrumbList\",\"@id\":\"https:\\\/\\\/groupeplm.ca\\\/en\\\/about-contact\\\/#breadcrumb\",\"itemListElement\":[{\"@type\":\"ListItem\",\"position\":1,\"name\":\"Accueil\",\"item\":\"https:\\\/\\\/groupeplm.ca\\\/en\\\/\"},{\"@type\":\"ListItem\",\"position\":2,\"name\":\"About \\\/ Contact\"}]},{\"@type\":\"WebSite\",\"@id\":\"https:\\\/\\\/groupeplm.ca\\\/en\\\/#website\",\"url\":\"https:\\\/\\\/groupeplm.ca\\\/en\\\/\",\"name\":\"PLM - Engineering and lifting\",\"description\":\"La r\u00e9f\u00e9rence de confiance dans l&#039;ing\u00e9nierie du levage\",\"potentialAction\":[{\"@type\":\"SearchAction\",\"target\":{\"@type\":\"EntryPoint\",\"urlTemplate\":\"https:\\\/\\\/groupeplm.ca\\\/en\\\/?s={search_term_string}\"},\"query-input\":{\"@type\":\"PropertyValueSpecification\",\"valueRequired\":true,\"valueName\":\"search_term_string\"}}],\"inLanguage\":\"en-CA\"}]}<\/script>\n<!-- \/ Yoast SEO plugin. -->","yoast_head_json":{"title":"About \/ Contact - PLM - Engineering and lifting","robots":{"index":"index","follow":"follow","max-snippet":"max-snippet:-1","max-image-preview":"max-image-preview:large","max-video-preview":"max-video-preview:-1"},"canonical":"https:\/\/groupeplm.ca\/en\/about-contact\/","og_locale":"en_US","og_type":"article","og_title":"About \/ Contact - PLM - Engineering and lifting","og_description":"About usAt PLM our Team is dynamic and passionate about structural engineering and civil engineering.\u00a0 Our primary goal is to provide a prompt and quality service.\u00a0 We want to build trusting relationships with contractors in the lifting and construction industry.\u00a0 Our team of structural engineers has the experience for all your construction engineering projects.Contact\u00a0us","og_url":"https:\/\/groupeplm.ca\/en\/about-contact\/","og_site_name":"PLM - Engineering and lifting","article_modified_time":"2025-07-04T09:15:38+00:00","twitter_card":"summary_large_image","twitter_misc":{"Est. reading time":"1 minute"},"schema":{"@context":"https:\/\/schema.org","@graph":[{"@type":"WebPage","@id":"https:\/\/groupeplm.ca\/en\/about-contact\/","url":"https:\/\/groupeplm.ca\/en\/about-contact\/","name":"About \/ Contact - PLM - Engineering and lifting","isPartOf":{"@id":"https:\/\/groupeplm.ca\/en\/#website"},"datePublished":"2023-03-02T16:49:42+00:00","dateModified":"2025-07-04T09:15:38+00:00","breadcrumb":{"@id":"https:\/\/groupeplm.ca\/en\/about-contact\/#breadcrumb"},"inLanguage":"en-CA","potentialAction":[{"@type":"ReadAction","target":["https:\/\/groupeplm.ca\/en\/about-contact\/"]}]},{"@type":"BreadcrumbList","@id":"https:\/\/groupeplm.ca\/en\/about-contact\/#breadcrumb","itemListElement":[{"@type":"ListItem","position":1,"name":"Accueil","item":"https:\/\/groupeplm.ca\/en\/"},{"@type":"ListItem","position":2,"name":"About \/ Contact"}]},{"@type":"WebSite","@id":"https:\/\/groupeplm.ca\/en\/#website","url":"https:\/\/groupeplm.ca\/en\/","name":"PLM - Engineering and lifting","description":"La r\u00e9f\u00e9rence de confiance dans l&#039;ing\u00e9nierie du levage","potentialAction":[{"@type":"SearchAction","target":{"@type":"EntryPoint","urlTemplate":"https:\/\/groupeplm.ca\/en\/?s={search_term_string}"},"query-input":{"@type":"PropertyValueSpecification","valueRequired":true,"valueName":"search_term_string"}}],"inLanguage":"en-CA"}]}},"_links":{"self":[{"href":"https:\/\/groupeplm.ca\/en\/wp-json\/wp\/v2\/pages\/1534","targetHints":{"allow":["GET"]}}],"collection":[{"href":"https:\/\/groupeplm.ca\/en\/wp-json\/wp\/v2\/pages"}],"about":[{"href":"https:\/\/groupeplm.ca\/en\/wp-json\/wp\/v2\/types\/page"}],"author":[{"embeddable":true,"href":"https:\/\/groupeplm.ca\/en\/wp-json\/wp\/v2\/users\/1"}],"replies":[{"embeddable":true,"href":"https:\/\/groupeplm.ca\/en\/wp-json\/wp\/v2\/comments?post=1534"}],"version-history":[{"count":12,"href":"https:\/\/groupeplm.ca\/en\/wp-json\/wp\/v2\/pages\/1534\/revisions"}],"predecessor-version":[{"id":2139,"href":"https:\/\/groupeplm.ca\/en\/wp-json\/wp\/v2\/pages\/1534\/revisions\/2139"}],"wp:attachment":[{"href":"https:\/\/groupeplm.ca\/en\/wp-json\/wp\/v2\/media?parent=1534"}],"curies":[{"name":"wp","href":"https:\/\/api.w.org\/{rel}","templated":true}]}}